{"id":103,"date":"2020-05-17T19:14:57","date_gmt":"2020-05-17T19:14:57","guid":{"rendered":"https:\/\/demosites.io\/yoga-studio-gb\/?page_id=103"},"modified":"2025-10-07T10:32:28","modified_gmt":"2025-10-07T08:32:28","slug":"84647-contact","status":"publish","type":"page","link":"https:\/\/autogen.dr-ertsey.hu\/index.php\/84647-contact\/","title":{"rendered":"Kapcsolat"},"content":{"rendered":"\n<div id=\"wp-block-themeisle-blocks-advanced-columns-de58857b\" class=\"wp-block-themeisle-blocks-advanced-columns alignfull has-1-columns has-desktop-equal-layout has-tablet-equal-layout has-mobile-equal-layout has-vertical-unset\"><div class=\"wp-block-themeisle-blocks-advanced-columns-overlay\"><\/div><div class=\"innerblocks-wrap\">\n<div id=\"wp-block-themeisle-blocks-advanced-column-f2953736\" class=\"wp-block-themeisle-blocks-advanced-column\">\n<div id=\"wp-block-themeisle-blocks-font-awesome-icons-2f936e33\" class=\"wp-block-themeisle-blocks-font-awesome-icons\"><span class=\"wp-block-themeisle-blocks-font-awesome-icons-container\"><i class=\"far fa-comments\"><\/i><\/span><\/div>\n\n\n\n<h2 id=\"wp-block-themeisle-blocks-advanced-heading-1d382bba\" class=\"wp-block-themeisle-blocks-advanced-heading wp-block-themeisle-blocks-advanced-heading-1d382bba\">Maradjunk kapcsolatban!<\/h2>\n<\/div>\n<\/div><\/div>\n\n\n\n<div id=\"wp-block-themeisle-blocks-advanced-columns-4f3ae4cc\" class=\"wp-block-themeisle-blocks-advanced-columns alignfull has-2-columns has-desktop-equal-layout has-tablet-equal-layout has-mobile-collapsedRows-layout has-vertical-unset ticss-d194bb2c has-dark-bg\"><div class=\"wp-block-themeisle-blocks-advanced-columns-overlay\"><\/div><div class=\"innerblocks-wrap\">\n<div id=\"wp-block-themeisle-blocks-advanced-column-3a11072a\" class=\"wp-block-themeisle-blocks-advanced-column\">\n<h4 class=\"wp-block-heading has-neve-link-hover-color-color has-text-color\"><strong>K\u00e9rd\u00e9se van?<\/strong><\/h4>\n\n\n\n<h2 class=\"wp-block-heading\">K\u00fcldj\u00f6n \u00fczenetet!<\/h2>\n\n\n\n<p id=\"wp-block-themeisle-blocks-advanced-heading-7cc5fb22\" class=\"wp-block-themeisle-blocks-advanced-heading wp-block-themeisle-blocks-advanced-heading-7cc5fb22\">\u00dczenet\u00e9re emailben fogok v\u00e1laszolni. &nbsp;<\/p>\n\n\n\n<p>Ha neurol\u00f3giai probl\u00e9m\u00e1val keres, a Swiss Pr\u00e9mium Eg\u00e9szs\u00e9gk\u00f6zpontokban v\u00e1rom szeretettel. A lap alj\u00e1n tal\u00e1lja meg az egyes rendel\u00e9seim idej\u00e9t, hely\u00e9t.  <\/p>\n\n\n\n<h6 class=\"wp-block-heading\"><strong>Swiss Pr\u00e9mium Eg\u00e9szs\u00e9gk\u00f6zpontok el\u00e9rhet\u0151s\u00e9ge:<\/strong><\/h6>\n\n\n\n<div id=\"wp-block-themeisle-blocks-icon-list-97d58b0f\" class=\"wp-block-themeisle-blocks-icon-list\">\n<div id=\"wp-block-themeisle-blocks-icon-list-item-46e8caff\" class=\"wp-block-themeisle-blocks-icon-list-item\"><i class=\"far fa-envelope wp-block-themeisle-blocks-icon-list-item-icon-custom\"><\/i><p class=\"wp-block-themeisle-blocks-icon-list-item-content\"><strong>info@swissclinic.hu<\/strong><\/p><\/div>\n\n\n\n<div id=\"wp-block-themeisle-blocks-icon-list-item-53144f38\" class=\"wp-block-themeisle-blocks-icon-list-item\"><i class=\"fas fa-phone-square-alt wp-block-themeisle-blocks-icon-list-item-icon-custom\"><\/i><p class=\"wp-block-themeisle-blocks-icon-list-item-content\"><strong>00-36-1-2250566<\/strong><\/p><\/div>\n<\/div>\n<\/div>\n\n\n\n<div id=\"wp-block-themeisle-blocks-advanced-column-0eb66212\" class=\"wp-block-themeisle-blocks-advanced-column contact-form\">\n<div id=\"wp-block-themeisle-blocks-form-63cd559d\" class=\"wp-block-themeisle-blocks-form ticss-63cd559d\" data-option-name=\"bf9b28ff82ce323187abc5d0feb0d8f07ecd8436_63cd559d\"><form class=\"otter-form__container\">\n<div id=\"wp-block-themeisle-blocks-form-input-fbfe0047\" class=\"wp-block-themeisle-blocks-form-input\"><label for=\"wp-block-themeisle-blocks-form-input-fbfe0047-input\" class=\"otter-form-input-label\"><span class=\"otter-form-input-label__label\">N\u00e9v<\/span><span class=\"required\">*<\/span><\/label><input type=\"text\" id=\"wp-block-themeisle-blocks-form-input-fbfe0047-input\" required placeholder=\"Neve\" class=\"otter-form-input\"\/><\/div>\n\n\n\n<div id=\"wp-block-themeisle-blocks-form-input-2b087319\" class=\"wp-block-themeisle-blocks-form-input\"><label for=\"wp-block-themeisle-blocks-form-input-2b087319-input\" class=\"otter-form-input-label\"><span class=\"otter-form-input-label__label\">Email<\/span><span class=\"required\">*<\/span><\/label><input type=\"email\" id=\"wp-block-themeisle-blocks-form-input-2b087319-input\" required placeholder=\"Email c\u00edme\" class=\"otter-form-input\"\/><\/div>\n\n\n\n<div id=\"wp-block-themeisle-blocks-form-textarea-12b40947\" class=\"wp-block-themeisle-blocks-form-textarea\"><label for=\"wp-block-themeisle-blocks-form-textarea-12b40947-input\" class=\"otter-form-textarea-label\"><span class=\"otter-form-textarea-label__label\">\u00dczenet<\/span><\/label><textarea id=\"wp-block-themeisle-blocks-form-textarea-12b40947-input\" placeholder=\"Your message\" rows=\"10\" class=\"otter-form-textarea-input\"><\/textarea><\/div>\n\n\n<div class=\"protection\" aria-hidden=\"true\"><input type=\"hidden\" id=\"wp-block-themeisle-blocks-form-63cd559d_nonce_field\" name=\"wp-block-themeisle-blocks-form-63cd559d_nonce_field\" value=\"f7a4563a6c\" \/><input type=\"hidden\" name=\"_wp_http_referer\" value=\"\/index.php\/wp-json\/wp\/v2\/pages\/103\" \/><input class=\"o-anti-bot\" type=\"checkbox\"><\/div><div class=\"wp-block-button\"><button class=\"wp-block-button__link\" type=\"submit\">Elk\u00fcld\u00e9s<\/button><\/div><\/form><\/div>\n<\/div>\n<\/div><\/div>\n\n\n\n<div id=\"wp-block-themeisle-blocks-advanced-columns-f6714dd7\" class=\"wp-block-themeisle-blocks-advanced-columns alignfull has-3-columns has-desktop-equal-layout has-tablet-equal-layout has-mobile-collapsedRows-layout has-vertical-unset has-dark-bg\"><div class=\"wp-block-themeisle-blocks-advanced-columns-overlay\"><\/div><div class=\"innerblocks-wrap\">\n<div id=\"wp-block-themeisle-blocks-advanced-column-0071d223\" class=\"wp-block-themeisle-blocks-advanced-column\">\n<h3 class=\"wp-block-heading has-text-align-center has-white-color has-text-color\">Swiss Pr\u00e9mium \u00dajbuda<\/h3>\n\n\n\n<div id=\"wp-block-themeisle-blocks-button-group-06a580df\" class=\"wp-block-themeisle-blocks-button-group wp-block-buttons align-center\">\n<div id=\"wp-block-themeisle-blocks-button-00ed9443\" class=\"wp-block-themeisle-blocks-button wp-block-button\"><a href=\"\" target=\"_self\" rel=\"noopener noreferrer\" class=\"wp-block-button__link\"><span><strong>Neve Yoga Studio.<\/strong><\/span><\/a><\/div>\n<\/div>\n\n\n\n<div id=\"wp-block-themeisle-blocks-icon-list-e5ec953c\" class=\"wp-block-themeisle-blocks-icon-list\">\n<div id=\"wp-block-themeisle-blocks-icon-list-item-a656cf2a\" class=\"wp-block-themeisle-blocks-icon-list-item\"><i class=\"fas fa-map-marker wp-block-themeisle-blocks-icon-list-item-icon\"><\/i><p class=\"wp-block-themeisle-blocks-icon-list-item-content-custom\"><strong>21 JUMP STREET, ADDRESS LINE ONE<\/strong><\/p><\/div>\n\n\n\n<div id=\"wp-block-themeisle-blocks-icon-list-item-16fec1d6\" class=\"wp-block-themeisle-blocks-icon-list-item\"><i class=\"fas fa-phone-square-alt wp-block-themeisle-blocks-icon-list-item-icon-custom\"><\/i><p class=\"wp-block-themeisle-blocks-icon-list-item-content-custom\"><strong>CALL: 0021 2345 556<\/strong><\/p><\/div>\n<\/div>\n<\/div>\n\n\n\n<div id=\"wp-block-themeisle-blocks-advanced-column-4a2ac571\" class=\"wp-block-themeisle-blocks-advanced-column\">\n<h3 class=\"wp-block-heading has-text-align-center has-white-color has-text-color\">Resources<\/h3>\n\n\n\n<div id=\"wp-block-themeisle-blocks-icon-list-64652cfd\" class=\"wp-block-themeisle-blocks-icon-list\">\n<div id=\"wp-block-themeisle-blocks-icon-list-item-3aa8d457\" class=\"wp-block-themeisle-blocks-icon-list-item\"><i class=\"fas fa-feather-alt wp-block-themeisle-blocks-icon-list-item-icon\"><\/i><p class=\"wp-block-themeisle-blocks-icon-list-item-content\"><strong>BLOG \/ NEWS<\/strong><\/p><\/div>\n\n\n\n<div id=\"wp-block-themeisle-blocks-icon-list-item-ed59d884\" class=\"wp-block-themeisle-blocks-icon-list-item\"><i class=\"fas fa-om wp-block-themeisle-blocks-icon-list-item-icon\"><\/i><p class=\"wp-block-themeisle-blocks-icon-list-item-content\"><strong>YOGA INSTRUCTORS ASSOCIATION<\/strong><\/p><\/div>\n\n\n\n<div id=\"wp-block-themeisle-blocks-icon-list-item-65657b66\" class=\"wp-block-themeisle-blocks-icon-list-item\"><i class=\"fas fa-user-circle wp-block-themeisle-blocks-icon-list-item-icon\"><\/i><p class=\"wp-block-themeisle-blocks-icon-list-item-content\"><strong>ABOUT ME<\/strong><\/p><\/div>\n<\/div>\n<\/div>\n\n\n\n<div id=\"wp-block-themeisle-blocks-advanced-column-e81d388b\" class=\"wp-block-themeisle-blocks-advanced-column\">\n<h3 class=\"wp-block-heading has-text-align-center has-white-color has-text-color\">Social<\/h3>\n\n\n\n<div id=\"wp-block-themeisle-blocks-icon-list-d0fad669\" class=\"wp-block-themeisle-blocks-icon-list\">\n<div id=\"wp-block-themeisle-blocks-icon-list-item-14c92680\" class=\"wp-block-themeisle-blocks-icon-list-item\"><i class=\"fab fa-facebook-square wp-block-themeisle-blocks-icon-list-item-icon\"><\/i><p class=\"wp-block-themeisle-blocks-icon-list-item-content\"><strong>FACEBOOK<\/strong><\/p><\/div>\n\n\n\n<div id=\"wp-block-themeisle-blocks-icon-list-item-6f79e7ac\" class=\"wp-block-themeisle-blocks-icon-list-item\"><i class=\"fab fa-twitter wp-block-themeisle-blocks-icon-list-item-icon\"><\/i><p class=\"wp-block-themeisle-blocks-icon-list-item-content\"><strong>TWITTER<\/strong><\/p><\/div>\n\n\n\n<div id=\"wp-block-themeisle-blocks-icon-list-item-3a6b0785\" class=\"wp-block-themeisle-blocks-icon-list-item\"><i class=\"fab fa-instagram wp-block-themeisle-blocks-icon-list-item-icon\"><\/i><p class=\"wp-block-themeisle-blocks-icon-list-item-content\"><strong>INSTAGRAM<\/strong><\/p><\/div>\n<\/div>\n<\/div>\n<\/div><\/div>\n\n\n\n<div id=\"wp-block-themeisle-blocks-advanced-columns-92a241ea\" class=\"wp-block-themeisle-blocks-advanced-columns alignfull has-1-columns has-desktop-equal-layout has-tablet-equal-layout has-mobile-equal-layout has-vertical-unset\"><div class=\"wp-block-themeisle-blocks-advanced-columns-overlay\"><\/div><div class=\"innerblocks-wrap\">\n<div id=\"wp-block-themeisle-blocks-advanced-column-165756b3\" class=\"wp-block-themeisle-blocks-advanced-column\"><\/div>\n<\/div><\/div>\n\n\n\n<div id=\"wp-block-themeisle-blocks-advanced-columns-acf06a61\" class=\"wp-block-themeisle-blocks-advanced-columns alignfull has-1-columns has-desktop-equal-layout has-tablet-equal-layout has-mobile-collapsedRows-layout has-vertical-unset has-dark-bg\"><div class=\"wp-block-themeisle-blocks-advanced-columns-overlay\"><\/div><div class=\"innerblocks-wrap\">\n<div id=\"wp-block-themeisle-blocks-advanced-column-fa1497a8\" class=\"wp-block-themeisle-blocks-advanced-column\">\n<h3 class=\"wp-block-heading has-text-align-center has-white-color has-text-color\">K\u00f6z\u00f6ss\u00e9gi m\u00e9dia<\/h3>\n\n\n\n<div id=\"wp-block-themeisle-blocks-icon-list-32286ca5\" class=\"wp-block-themeisle-blocks-icon-list\">\n<div id=\"wp-block-themeisle-blocks-icon-list-item-04761fd8\" class=\"wp-block-themeisle-blocks-icon-list-item\"><i class=\"fab fa-facebook-square wp-block-themeisle-blocks-icon-list-item-icon\"><\/i><p class=\"wp-block-themeisle-blocks-icon-list-item-content\"><strong><a href=\"https:\/\/www.facebook.com\/DrErtsey\" target=\"_blank\" rel=\"noreferrer noopener\">FACEBOOK<\/a><\/strong><\/p><\/div>\n\n\n\n<div id=\"wp-block-themeisle-blocks-icon-list-item-00cd158b\" class=\"wp-block-themeisle-blocks-icon-list-item\"><i class=\"fab fa-youtube wp-block-themeisle-blocks-icon-list-item-icon\"><\/i><p class=\"wp-block-themeisle-blocks-icon-list-item-content\"><strong><a href=\"https:\/\/www.facebook.com\/DrErtsey\" target=\"_blank\" rel=\"noreferrer noopener\">YOUTUBE<\/a><\/strong><\/p><\/div>\n\n\n\n<div id=\"wp-block-themeisle-blocks-icon-list-item-67a54a0e\" class=\"wp-block-themeisle-blocks-icon-list-item\"><i class=\"fab fa-instagram wp-block-themeisle-blocks-icon-list-item-icon\"><\/i><p class=\"wp-block-themeisle-blocks-icon-list-item-content\"><strong>INSTAGRAM<\/strong><\/p><\/div>\n\n\n\n<div id=\"wp-block-themeisle-blocks-icon-list-item-ac65c477\" class=\"wp-block-themeisle-blocks-icon-list-item\"><i class=\"fab fa-twitter wp-block-themeisle-blocks-icon-list-item-icon\"><\/i><p class=\"wp-block-themeisle-blocks-icon-list-item-content\"><strong>TWITTER<\/strong><\/p><\/div>\n<\/div>\n<\/div>\n<\/div><\/div>\n\n\n\n<p><\/p>\n","protected":false},"excerpt":{"rendered":"","protected":false},"author":1,"featured_media":0,"parent":0,"menu_order":0,"comment_status":"closed","ping_status":"closed","template":"page-templates\/template-pagebuilder-full-width.php","meta":{"neve_meta_sidebar":"full-width","neve_meta_container":"","neve_meta_enable_content_width":"on","neve_meta_content_width":100,"neve_meta_title_alignment":"","neve_meta_author_avatar":"","neve_post_elements_order":"","neve_meta_disable_header":"","neve_meta_disable_footer":"","neve_meta_disable_title":"on","_themeisle_gutenberg_block_has_review":false,"footnotes":""},"class_list":["post-103","page","type-page","status-publish","hentry"],"_links":{"self":[{"href":"https:\/\/autogen.dr-ertsey.hu\/index.php\/wp-json\/wp\/v2\/pages\/103","targetHints":{"allow":["GET"]}}],"collection":[{"href":"https:\/\/autogen.dr-ertsey.hu\/index.php\/wp-json\/wp\/v2\/pages"}],"about":[{"href":"https:\/\/autogen.dr-ertsey.hu\/index.php\/wp-json\/wp\/v2\/types\/page"}],"author":[{"embeddable":true,"href":"https:\/\/autogen.dr-ertsey.hu\/index.php\/wp-json\/wp\/v2\/users\/1"}],"replies":[{"embeddable":true,"href":"https:\/\/autogen.dr-ertsey.hu\/index.php\/wp-json\/wp\/v2\/comments?post=103"}],"version-history":[{"count":7,"href":"https:\/\/autogen.dr-ertsey.hu\/index.php\/wp-json\/wp\/v2\/pages\/103\/revisions"}],"predecessor-version":[{"id":262,"href":"https:\/\/autogen.dr-ertsey.hu\/index.php\/wp-json\/wp\/v2\/pages\/103\/revisions\/262"}],"wp:attachment":[{"href":"https:\/\/autogen.dr-ertsey.hu\/index.php\/wp-json\/wp\/v2\/media?parent=103"}],"curies":[{"name":"wp","href":"https:\/\/api.w.org\/{rel}","templated":true}]}}